{"id":3298,"date":"2023-04-24T13:34:28","date_gmt":"2023-04-24T20:34:28","guid":{"rendered":"https:\/\/doctorplasticsurgery.vmgagencysites.com\/?page_id=3298"},"modified":"2026-04-02T14:45:40","modified_gmt":"2026-04-02T21:45:40","slug":"cara","status":"publish","type":"page","link":"https:\/\/www.doctorplasticsurgery.com\/es\/surgical-procedures\/face\/","title":{"rendered":"Cara"},"content":{"rendered":"<div class=\"wpb-content-wrapper\"><div class=\"vc_row wpb_row big-hero procedures vc_custom_1682983199001 vc_row-has-fill\"><div class=\"container\"><div class=\"wpb_column vc_column_container vc_col-sm-12\"><div class=\"vc_column-inner \"><div class=\"wpb_wrapper\">\n\t<div class=\"wpb_text_column wpb_content_element  vc_custom_1691704116078\" >\n\t\t<div class=\"wpb_wrapper\">\n\t\t\t<h1 class=\"hero\">Facial Plastic Surgery &#8211; Tampa<\/h1>\n\n\t\t<\/div>\n\t<\/div>\n\n\t<div class=\"wpb_text_column wpb_content_element  mb0\" >\n\t\t<div class=\"wpb_wrapper\">\n\t\t\t<p><a class=\"btn-bt default\" href=\"\/contact\/\">Contact Us Now<\/a><\/p>\n\n\t\t<\/div>\n\t<\/div>\n<\/div><\/div><\/div><\/div><\/div><section id=\"FaceProcedures\" class=\"vc_section service-section\"><div class=\"vc_row wpb_row service-section-title\"><div class=\"container\"><div class=\"wpb_column vc_column_container vc_col-sm-12\"><div class=\"vc_column-inner \"><div class=\"wpb_wrapper\">\n\t<div class=\"wpb_text_column wpb_content_element  mb0\" >\n\t\t<div class=\"wpb_wrapper\">\n\t\t\t<p style=\"text-align: center;\">When looking for a trusted facial plastic surgeon, Tampa is home to <a href=\"https:\/\/www.doctorplasticsurgery.com\/\">360 Surgery Center<\/a>, a premier destination for personalized facial procedures that deliver stunning, confident results. Browse below to see our types of Facial Plastic Surgery and Cosmetic Procedures in Tampa, FL. Browse below to see our types of Facial Plastic Surgery and Cosmetic Procedures in <a href=\"https:\/\/maps.app.goo.gl\/CyMFzBQkRLKDP8br6\">Tampa, FL.<\/a><\/p>\n\n\t\t<\/div>\n\t<\/div>\n<div class=\"vc_separator wpb_content_element vc_separator_align_center vc_sep_width_100 vc_sep_pos_align_center vc_separator_no_text\" ><span class=\"vc_sep_holder vc_sep_holder_l\"><span  style=\"border-color:#629677;\" class=\"vc_sep_line\"><\/span><\/span><span class=\"vc_sep_holder vc_sep_holder_r\"><span  style=\"border-color:#629677;\" class=\"vc_sep_line\"><\/span><\/span>\n<\/div><\/div><\/div><\/div><\/div><\/div><div class=\"vc_row wpb_row fifty-fifty service-blocks\"><div class=\"container\"><div class=\"image-col double-block wpb_column vc_column_container vc_col-sm-6 vc_col-has-fill\"><div class=\"vc_column-inner vc_custom_1682974823563\"><div class=\"wpb_wrapper\"><\/div><\/div><\/div><div class=\"wpb_column vc_column_container vc_col-sm-6\"><div class=\"vc_column-inner \"><div class=\"wpb_wrapper\">\n\t<div class=\"wpb_text_column wpb_content_element  vc_custom_1682639948788 mb0 box-shadow\" >\n\t\t<div class=\"wpb_wrapper\">\n\t\t\t<h3>FACELIFT IN TAMPA, FL<\/h3>\n<p>The traditional facelift is directed at improving the middle and lower face, including the neck.<\/p>\n<p><a class=\"btn-bt alternate\" href=\"\/surgical-procedures\/facelift\/\">LEARN MORE<\/a><\/p>\n\n\t\t<\/div>\n\t<\/div>\n\n\t<div class=\"wpb_text_column wpb_content_element  box-shadow\" >\n\t\t<div class=\"wpb_wrapper\">\n\t\t\t<h3>BROW LIFT IN TAMPA, FL<\/h3>\n<p>A brow lift is a procedure intended to smooth wrinkles and correct drooping brows and heavy eyelids to give a more youthful and rested appearance.<\/p>\n<p><a class=\"btn-bt alternate\" href=\"\/surgical-procedures\/brow-lift\/\">LEARN MORE<\/a><\/p>\n\n\t\t<\/div>\n\t<\/div>\n<\/div><\/div><\/div><\/div><\/div><div class=\"vc_row wpb_row fifty-fifty service-blocks flip-mobile vc_custom_1682392653663\"><div class=\"container\"><div class=\"wpb_column vc_column_container vc_col-sm-6\"><div class=\"vc_column-inner \"><div class=\"wpb_wrapper\">\n\t<div class=\"wpb_text_column wpb_content_element  vc_custom_1682707480039 mb0 box-shadow\" >\n\t\t<div class=\"wpb_wrapper\">\n\t\t\t<h3>UPPER LIP SHORTENING (LIP LIFT) IN TAMPA, FL<\/h3>\n<p>If you have an abnormally long upper lip or a volume-less pout, upper lip shortening can create a more pleasing facial aesthetic.<\/p>\n<p><a class=\"btn-bt alternate\" href=\"\/surgical-procedures\/upper-lip-shortening\/\">LEARN MORE<\/a><\/p>\n\n\t\t<\/div>\n\t<\/div>\n\n\t<div class=\"wpb_text_column wpb_content_element  vc_custom_1682708872267 mb0 box-shadow\" >\n\t\t<div class=\"wpb_wrapper\">\n\t\t\t<h3>BLEPHAROPLASTY (EYELID LIFT) IN TAMPA, FL<\/h3>\n<p>Eyelid Lift (Blepharoplasty) is a cosmetic procedure intended to eliminate droopy eyelids and\/or heavy bags under the eyes.<\/p>\n<p><a class=\"btn-bt alternate\" href=\"\/surgical-procedures\/eyelid-surgery\/\">LEARN MORE<\/a><\/p>\n\n\t\t<\/div>\n\t<\/div>\n<\/div><\/div><\/div><div class=\"image-col double-block wpb_column vc_column_container vc_col-sm-6 vc_col-has-fill\"><div class=\"vc_column-inner vc_custom_1682974828907\"><div class=\"wpb_wrapper\"><\/div><\/div><\/div><\/div><\/div><div class=\"vc_row wpb_row service-splitter vc_custom_1682392742315 vc_row-has-fill\"><div class=\"container\"><div class=\"wpb_column vc_column_container vc_col-sm-12\"><div class=\"vc_column-inner \"><div class=\"wpb_wrapper\"><\/div><\/div><\/div><\/div><\/div><div class=\"vc_row wpb_row fifty-fifty service-blocks padding-top-mobile\"><div class=\"container\"><div class=\"image-col double-block wpb_column vc_column_container vc_col-sm-6 vc_col-has-fill\"><div class=\"vc_column-inner vc_custom_1682974834713\"><div class=\"wpb_wrapper\"><\/div><\/div><\/div><div class=\"wpb_column vc_column_container vc_col-sm-6\"><div class=\"vc_column-inner \"><div class=\"wpb_wrapper\">\n\t<div class=\"wpb_text_column wpb_content_element  vc_custom_1724106141495 mb0 box-shadow\" >\n\t\t<div class=\"wpb_wrapper\">\n\t\t\t<h3>OTOPLASTY (EAR SURGERY) IN TAMPA, FL<\/h3>\n<p><a href=\"https:\/\/www.doctorplasticsurgery.com\/surgical-procedures\/otoplasty\/\">Otoplasty<\/a> is a cosmetic procedure intended to reshape, reposition, or change the proportion of the ear.<\/p>\n<p><a class=\"btn-bt alternate\" href=\"\/surgical-procedures\/otoplasty\/\">LEARN MORE<\/a><\/p>\n\n\t\t<\/div>\n\t<\/div>\n\n\t<div class=\"wpb_text_column wpb_content_element  box-shadow\" >\n\t\t<div class=\"wpb_wrapper\">\n\t\t\t<h3>RHINOPLASTY IN TAMPA, FL<\/h3>\n<p><a href=\"https:\/\/www.doctorplasticsurgery.com\/surgical-procedures\/rhinoplasty\/\">Rhinoplasty<\/a> is one of the most common cosmetic procedures performed today and is used to correct everything from a hump on the bridge of the nose and more.<\/p>\n<p><a class=\"btn-bt alternate\" href=\"\/surgical-procedures\/rhinoplasty\/\">LEARN MORE<\/a><\/p>\n\n\t\t<\/div>\n\t<\/div>\n<\/div><\/div><\/div><\/div><\/div><div class=\"vc_row wpb_row fifty-fifty service-blocks flip-mobile\"><div class=\"container\"><div class=\"wpb_column vc_column_container vc_col-sm-6\"><div class=\"vc_column-inner \"><div class=\"wpb_wrapper\">\n\t<div class=\"wpb_text_column wpb_content_element  vc_custom_1746636433813 mb0 box-shadow\" >\n\t\t<div class=\"wpb_wrapper\">\n\t\t\t<h3>FACIAL RECONSTRUCTION SURGERY IN TAMPA, FL<\/h3>\n<p><a href=\"https:\/\/www.doctorplasticsurgery.com\/surgical-procedures\/facial-reconstruction\/\">Facial reconstruction surgery<\/a> is a life-changing decision that can help you feel more confident and feminine.<\/p>\n<p><a class=\"btn-bt alternate\" href=\"\/surgical-procedures\/facial-reconstruction\/\">LEARN MORE<\/a><\/p>\n\n\t\t<\/div>\n\t<\/div>\n\n\t<div class=\"wpb_text_column wpb_content_element  box-shadow\" >\n\t\t<div class=\"wpb_wrapper\">\n\t\t\t<h3>CLEFT LIP AND PALATE REPAIR SURGERY IN TAMPA, FL<\/h3>\n<p><a href=\"https:\/\/www.doctorplasticsurgery.com\/surgical-procedures\/cleft-lip-and-palate-repair\/\">Congenital disabilities<\/a> are surprisingly common, and with over 10,000 babies born in the U.S. every day, there\u2019s a significant number of American children who need medical treatment.<\/p>\n<p><a class=\"btn-bt alternate\" href=\"\/surgical-procedures\/cleft-lip-and-palate-repair\/\">LEARN MORE<\/a><\/p>\n\n\t\t<\/div>\n\t<\/div>\n<\/div><\/div><\/div><div class=\"image-col double-block wpb_column vc_column_container vc_col-sm-6 vc_col-has-fill\"><div class=\"vc_column-inner vc_custom_1682974840545\"><div class=\"wpb_wrapper\"><\/div><\/div><\/div><\/div><\/div><\/section><div class=\"vc_row wpb_row fifty-fifty service-blocks padding-top-mobile\"><div class=\"container\"><div class=\"image-col double-block wpb_column vc_column_container vc_col-sm-6 vc_col-has-fill\"><div class=\"vc_column-inner vc_custom_1746636879382\"><div class=\"wpb_wrapper\"><\/div><\/div><\/div><div class=\"wpb_column vc_column_container vc_col-sm-6\"><div class=\"vc_column-inner \"><div class=\"wpb_wrapper\">\n\t<div class=\"wpb_text_column wpb_content_element  box-shadow\" >\n\t\t<div class=\"wpb_wrapper\">\n\t\t\t<h3>DIMPLEPLASTY IN TAMPA, FL<\/h3>\n<p>If you weren\u2019t born with dimples, or they have faded as you\u2019ve aged, dimpleplasty, a quick outpatient surgery, can give you the dimples you desire.<\/p>\n<p><a class=\"btn-bt alternate\" href=\"\/surgical-procedures\/dimpleplasty\/\">LEARN MORE<\/a><\/p>\n\n\t\t<\/div>\n\t<\/div>\n\n\t<div class=\"wpb_text_column wpb_content_element  box-shadow\" >\n\t\t<div class=\"wpb_wrapper\">\n\t\t\t<h3>CHIN AUGMENTATION IN TAMPA, FL<\/h3>\n<p>The chin augmentation procedure can help you enjoy a more pleasant overall facial appearance if your chin\u2019s natural size and shape doesn\u2019t complement the rest of your face.<\/p>\n<p><a class=\"btn-bt alternate\" href=\"\/surgical-procedures\/chin-augmentation\/\">LEARN MORE<\/a><\/p>\n\n\t\t<\/div>\n\t<\/div>\n<\/div><\/div><\/div><\/div><\/div><div data-vc-full-width=\"true\" data-vc-full-width-init=\"false\" data-vc-stretch-content=\"true\" class=\"vc_row wpb_row fw-image vc_custom_1682121188454 vc_row-has-fill\"><div class=\"container\"><div class=\"wpb_column vc_column_container vc_col-sm-12\"><div class=\"vc_column-inner \"><div class=\"wpb_wrapper\">\n\t<div class=\"wpb_text_column wpb_content_element  mb0\" >\n\t\t<div class=\"wpb_wrapper\">\n\t\t\t<p><img loading=\"lazy\" decoding=\"async\" class=\"aligncenter size-full wp-image-3195\" title=\"middle fullwdith noparallax\" src=\"\/wp-content\/uploads\/2023\/04\/middle-fullwdith-noparallax.jpg\" alt=\"middle fullwdith noparallax\" width=\"1920\" height=\"683\" srcset=\"https:\/\/www.doctorplasticsurgery.com\/wp-content\/uploads\/2023\/04\/middle-fullwdith-noparallax.jpg 1920w, https:\/\/www.doctorplasticsurgery.com\/wp-content\/uploads\/2023\/04\/middle-fullwdith-noparallax-300x107.jpg 300w, https:\/\/www.doctorplasticsurgery.com\/wp-content\/uploads\/2023\/04\/middle-fullwdith-noparallax-1024x364.jpg 1024w, https:\/\/www.doctorplasticsurgery.com\/wp-content\/uploads\/2023\/04\/middle-fullwdith-noparallax-768x273.jpg 768w, https:\/\/www.doctorplasticsurgery.com\/wp-content\/uploads\/2023\/04\/middle-fullwdith-noparallax-1536x546.jpg 1536w, https:\/\/www.doctorplasticsurgery.com\/wp-content\/uploads\/2023\/04\/middle-fullwdith-noparallax-1568x558.jpg 1568w\" sizes=\"auto, (max-width: 1920px) 100vw, 1920px\" \/><\/p>\n\n\t\t<\/div>\n\t<\/div>\n<\/div><\/div><\/div><\/div><\/div><div class=\"vc_row-full-width vc_clearfix\"><\/div><div class=\"vc_row wpb_row cta-row horizontal dark2\"><div class=\"container\"><div class=\"wpb_column vc_column_container vc_col-sm-12\"><div class=\"vc_column-inner \"><div class=\"wpb_wrapper\">\n\t<div class=\"wpb_text_column wpb_content_element  mb0\" >\n\t\t<div class=\"wpb_wrapper\">\n\t\t\t<h3 style=\"text-align: center;\">SEE ALL PROCEDURES<\/h3>\n<p style=\"text-align: center;\"><a class=\"btn-bt alternate\" href=\"https:\/\/www.doctorplasticsurgery.com\/surgical-procedures\/\">PROCEDURES<\/a><\/p>\n\n\t\t<\/div>\n\t<\/div>\n<\/div><\/div><\/div><\/div><\/div><div class=\"vc_row wpb_row bottom-cta subpage-bottom-cta vc_custom_1682115801929 vc_row-has-fill\"><div class=\"container\"><div class=\"wpb_column vc_column_container vc_col-sm-12\"><div class=\"vc_column-inner \"><div class=\"wpb_wrapper\">\n\t<div class=\"wpb_text_column wpb_content_element  mb0\" >\n\t\t<div class=\"wpb_wrapper\">\n\t\t\t<h2 style=\"text-align: center;\">Schedule a Consultation Today<\/h2>\n<p style=\"text-align: center;\"><a class=\"btn-bt default\" href=\"\/contact\/#Schedule\">Get Started<\/a><\/p>\n\n\t\t<\/div>\n\t<\/div>\n<\/div><\/div><\/div><\/div><\/div><div class=\"vc_row wpb_row\"><div class=\"container\"><div class=\"wpb_column vc_column_container vc_col-sm-12\"><div class=\"vc_column-inner \"><div class=\"wpb_wrapper\">\n\t<div class=\"wpb_raw_code wpb_raw_js\" >\n\t\t<div class=\"wpb_wrapper\">\n\t\t\t<script type=\"application\/ld+json\">\n{\n  \"@context\": \"https:\/\/schema.org\",\n  \"@graph\": [\n    {\n      \"@type\": \"MedicalProcedure\",\n      \"@id\": \"https:\/\/www.doctorplasticsurgery.com\/surgical-procedures\/facelift\/#procedure\",\n      \"name\": \"Facelift Surgery (Rhytidectomy)\",\n      \"alternateName\": \"Rhytidectomy\",\n      \"url\": \"https:\/\/www.doctorplasticsurgery.com\/surgical-procedures\/facelift\/\",\n      \"description\": \"A facelift, also known as a rhytidectomy, is a cosmetic surgical procedure performed to firm sagging and loose skin on the mid-to-lower face and neck. Dr. Ahmed Abdullah repositions deeper facial tissues, removes excess skin, and re-drapes remaining skin to smooth wrinkles and restore a youthful facial contour.\",\n      \"bodyLocation\": \"Face and Neck\",\n      \"followup\": \"Post-operative care instructions provided; results typically last up to a decade.\",\n      \"howPerformed\": \"Incisions are made in the scalp at the temple area, in front of the ears, and extending around and behind the ears. Deeper facial tissues are repositioned or tightened, excess skin is removed, and remaining skin is re-draped over the facial structures and neck.\",\n      \"preparation\": \"Consultation with surgeon to review goals and medical history. Patients may be asked to stop smoking, adjust medications, and avoid aspirin, herbal supplements, and anti-inflammatory drugs prior to surgery.\",\n      \"relevantSpecialty\": {\n        \"@type\": \"MedicalSpecialty\",\n        \"@id\": \"http:\/\/schema.org\/Surgical\"\n      },\n      \"recognizingAuthority\": {\n        \"@type\": \"Organization\",\n        \"name\": \"American Board of Plastic Surgery\"\n      }\n    },\n    {\n      \"@type\": \"MedicalClinic\",\n      \"@id\": \"https:\/\/www.doctorplasticsurgery.com\/#organization\",\n      \"name\": \"360 Surgery Center\",\n      \"url\": \"https:\/\/www.doctorplasticsurgery.com\",\n      \"description\": \"360 Surgery Center is a premier plastic and cosmetic surgery practice in Tampa, FL, led by board-certified surgeons offering a full range of facial, body, and reconstructive procedures.\",\n      \"medicalSpecialty\": {\n        \"@type\": \"MedicalSpecialty\",\n        \"@id\": \"http:\/\/schema.org\/Surgical\"\n      },\n      \"employee\": {\n        \"@type\": \"Person\",\n        \"@id\": \"https:\/\/www.doctorplasticsurgery.com\/our-practice\/#dr-abdullah\",\n        \"name\": \"Dr. Ahmed Abdullah\",\n        \"description\": \"Dr. Ahmed Abdullah is a double board-certified plastic and reconstructive surgeon with nearly 30 years of experience specializing in cosmetic and reconstructive procedures of the face and body.\",\n        \"hasCredential\": [\n          {\n            \"@type\": \"EducationalOccupationalCredential\",\n            \"credentialCategory\": \"Board Certification\",\n            \"recognizedBy\": {\n              \"@type\": \"Organization\",\n              \"name\": \"American Board of Plastic Surgery\"\n            }\n          },\n          {\n            \"@type\": \"EducationalOccupationalCredential\",\n            \"credentialCategory\": \"Board Certification\",\n            \"recognizedBy\": {\n              \"@type\": \"Organization\",\n              \"name\": \"American Board of Surgery\"\n            }\n          }\n        ]\n      },\n      \"address\": {\n        \"@type\": \"PostalAddress\",\n        \"streetAddress\": \"13801 Bruce B Downs Blvd, Suite 300\",\n        \"addressLocality\": \"Tampa\",\n        \"addressRegion\": \"FL\",\n        \"postalCode\": \"33626\",\n        \"addressCountry\": \"US\"\n      },\n      \"geo\": {\n        \"@type\": \"GeoCoordinates\",\n        \"latitude\": 28.1360,\n        \"longitude\": -82.5068\n      },\n      \"telephone\": \"+1-813-536-3030\",\n      \"email\": \"info@doctorplasticsurgery.com\",\n      \"priceRange\": \"$$$$\",\n      \"sameAs\": [\n        \"https:\/\/www.facebook.com\/360SurgeryCenter\",\n        \"https:\/\/www.instagram.com\/360surgerycenter\"\n      ],\n      \"openingHoursSpecification\": [\n        {\n          \"@type\": \"OpeningHoursSpecification\",\n          \"dayOfWeek\": [\"Monday\", \"Tuesday\", \"Wednesday\", \"Thursday\", \"Friday\"],\n          \"opens\": \"09:00\",\n          \"closes\": \"17:00\"\n        }\n      ]\n    },\n    {\n      \"@type\": \"WebPage\",\n      \"@id\": \"https:\/\/www.doctorplasticsurgery.com\/surgical-procedures\/facelift\/#webpage\",\n      \"url\": \"https:\/\/www.doctorplasticsurgery.com\/surgical-procedures\/facelift\/\",\n      \"name\": \"Facelift Surgery in Tampa, FL | 360 Surgery Center\",\n      \"description\": \"360 Surgery Center offers expert facelift surgery in Tampa, FL performed by board-certified plastic surgeon Dr. Ahmed Abdullah. Correct sagging skin and restore a youthful appearance.\",\n      \"inLanguage\": \"en-US\",\n      \"isPartOf\": {\n        \"@type\": \"WebSite\",\n        \"@id\": \"https:\/\/www.doctorplasticsurgery.com\/#website\",\n        \"url\": \"https:\/\/www.doctorplasticsurgery.com\",\n        \"name\": \"360 Surgery Center\",\n        \"publisher\": {\n          \"@id\": \"https:\/\/www.doctorplasticsurgery.com\/#organization\"\n        }\n      },\n      \"about\": {\n        \"@id\": \"https:\/\/www.doctorplasticsurgery.com\/surgical-procedures\/facelift\/#procedure\"\n      },\n      \"breadcrumb\": {\n        \"@type\": \"BreadcrumbList\",\n        \"itemListElement\": [\n          {\n            \"@type\": \"ListItem\",\n            \"position\": 1,\n            \"name\": \"Home\",\n            \"item\": \"https:\/\/www.doctorplasticsurgery.com\"\n          },\n          {\n            \"@type\": \"ListItem\",\n            \"position\": 2,\n            \"name\": \"Surgical Procedures\",\n            \"item\": \"https:\/\/www.doctorplasticsurgery.com\/surgical-procedures\/face\/\"\n          },\n          {\n            \"@type\": \"ListItem\",\n            \"position\": 3,\n            \"name\": \"Facelift\",\n            \"item\": \"https:\/\/www.doctorplasticsurgery.com\/surgical-procedures\/facelift\/\"\n          }\n        ]\n      }\n    },\n    {\n      \"@type\": \"FAQPage\",\n      \"@id\": \"https:\/\/www.doctorplasticsurgery.com\/surgical-procedures\/facelift\/#faq\",\n      \"mainEntity\": [\n        {\n          \"@type\": \"Question\",\n          \"name\": \"What is a facelift?\",\n          \"acceptedAnswer\": {\n            \"@type\": \"Answer\",\n            \"text\": \"A facelift, also known as a rhytidectomy, is a cosmetic surgical procedure that firms sagging and loose skin on the mid-to-lower face and neck. It repositions deeper facial tissues and removes excess skin to create a smoother, more youthful facial contour.\"\n          }\n        },\n        {\n          \"@type\": \"Question\",\n          \"name\": \"What types of facelifts are available at 360 Surgery Center?\",\n          \"acceptedAnswer\": {\n            \"@type\": \"Answer\",\n            \"text\": \"360 Surgery Center offers traditional facelifts for comprehensive facial and neck rejuvenation, mini facelifts for subtle improvements with quicker recovery, and deep-plane facelifts that address deeper layers of facial tissue for longer-lasting, natural-looking results.\"\n          }\n        },\n        {\n          \"@type\": \"Question\",\n          \"name\": \"How long do facelift results last?\",\n          \"acceptedAnswer\": {\n            \"@type\": \"Answer\",\n            \"text\": \"Facelift results are long-lasting and can maintain their effect for up to a decade, depending on the technique used and individual patient factors such as skin quality and lifestyle.\"\n          }\n        },\n        {\n          \"@type\": \"Question\",\n          \"name\": \"Who performs facelift surgery at 360 Surgery Center?\",\n          \"acceptedAnswer\": {\n            \"@type\": \"Answer\",\n            \"text\": \"Facelift surgeries at 360 Surgery Center are performed by Dr. Ahmed Abdullah, a double board-certified plastic and reconstructive surgeon with nearly 30 years of experience specializing in facial rejuvenation procedures.\"\n          }\n        },\n        {\n          \"@type\": \"Question\",\n          \"name\": \"Can a facelift be combined with other procedures?\",\n          \"acceptedAnswer\": {\n            \"@type\": \"Answer\",\n            \"text\": \"Yes. Dr. Abdullah may combine a facelift with other facial rejuvenation procedures such as a brow lift, eyelid surgery (blepharoplasty), or facial injectable treatments depending on each patient's customized treatment plan.\"\n          }\n        },\n        {\n          \"@type\": \"Question\",\n          \"name\": \"How do I schedule a facelift consultation in Tampa?\",\n          \"acceptedAnswer\": {\n            \"@type\": \"Answer\",\n            \"text\": \"You can schedule a facelift consultation at 360 Surgery Center in Tampa, FL by contacting us through our website at doctorplasticsurgery.com or by calling our office directly.\"\n          }\n        }\n      ]\n    }\n  ]\n}\n<\/script>\n\t\t<\/div>\n\t<\/div>\n<\/div><\/div><\/div><\/div><\/div>\n<\/div>","protected":false},"excerpt":{"rendered":"Cirug\u00eda Pl\u00e1stica Facial - Tampa Cont\u00e1ctenos Ahora Cuando se busca un cirujano pl\u00e1stico facial de confianza, Tampa es el hogar de 360 Surgery Center, un destino principal para los procedimientos faciales personalizados que ofrecen resultados impresionantes y seguros. Navegue a continuaci\u00f3n para ver nuestros tipos de Cirug\u00eda Pl\u00e1stica Facial y Procedimientos Est\u00e9ticos en Tampa, FL. Navegue a continuaci\u00f3n para ver... <a class=\"more-link\" href=\"https:\/\/www.doctorplasticsurgery.com\/es\/surgical-procedures\/face\/\">Seguir leyendo <span class=\"screen-reader-text\">Cara<\/span><\/a>","protected":false},"author":1,"featured_media":0,"parent":3064,"menu_order":0,"comment_status":"closed","ping_status":"closed","template":"","meta":{"_acf_changed":false,"footnotes":""},"class_list":["post-3298","page","type-page","status-publish","entry"],"acf":[],"aioseo_notices":[],"_links":{"self":[{"href":"https:\/\/www.doctorplasticsurgery.com\/es\/wp-json\/wp\/v2\/pages\/3298","targetHints":{"allow":["GET"]}}],"collection":[{"href":"https:\/\/www.doctorplasticsurgery.com\/es\/wp-json\/wp\/v2\/pages"}],"about":[{"href":"https:\/\/www.doctorplasticsurgery.com\/es\/wp-json\/wp\/v2\/types\/page"}],"author":[{"embeddable":true,"href":"https:\/\/www.doctorplasticsurgery.com\/es\/wp-json\/wp\/v2\/users\/1"}],"replies":[{"embeddable":true,"href":"https:\/\/www.doctorplasticsurgery.com\/es\/wp-json\/wp\/v2\/comments?post=3298"}],"version-history":[{"count":0,"href":"https:\/\/www.doctorplasticsurgery.com\/es\/wp-json\/wp\/v2\/pages\/3298\/revisions"}],"up":[{"embeddable":true,"href":"https:\/\/www.doctorplasticsurgery.com\/es\/wp-json\/wp\/v2\/pages\/3064"}],"wp:attachment":[{"href":"https:\/\/www.doctorplasticsurgery.com\/es\/wp-json\/wp\/v2\/media?parent=3298"}],"curies":[{"name":"wp","href":"https:\/\/api.w.org\/{rel}","templated":true}]}}